{"id":557,"date":"2026-01-23T19:55:15","date_gmt":"2026-01-23T19:55:15","guid":{"rendered":"https:\/\/upliftfamilypsychiatry.site\/?page_id=557"},"modified":"2026-01-23T20:24:55","modified_gmt":"2026-01-23T20:24:55","slug":"blog","status":"publish","type":"page","link":"https:\/\/upliftfamilypsychiatry.com\/es\/blog\/","title":{"rendered":"Blog"},"content":{"rendered":"<div data-elementor-type=\"wp-page\" data-elementor-id=\"557\" class=\"elementor elementor-557\" data-elementor-post-type=\"page\">\n\t\t\t\t<div class=\"elementor-element elementor-element-60c2e19 e-flex e-con-boxed e-con e-parent\" data-id=\"60c2e19\" data-element_type=\"container\" data-e-type=\"container\" data-settings=\"{&quot;background_background&quot;:&quot;classic&quot;}\">\n\t\t\t\t\t<div class=\"e-con-inner\">\n\t\t<div class=\"elementor-element elementor-element-fe49fb1 e-con-full e-flex e-con e-child\" data-id=\"fe49fb1\" data-element_type=\"container\" data-e-type=\"container\">\n\t\t\t\t<div class=\"elementor-element elementor-element-4ac054a elementor-widget elementor-widget-heading\" data-id=\"4ac054a\" data-element_type=\"widget\" data-e-type=\"widget\" data-widget_type=\"heading.default\">\n\t\t\t\t\t<h2 class=\"elementor-heading-title elementor-size-default\">Blog<\/h2>\t\t\t\t<\/div>\n\t\t\t\t<\/div>\n\t\t\t\t\t<\/div>\n\t\t\t\t<\/div>\n\t\t<div class=\"elementor-element elementor-element-3728e78 e-flex e-con-boxed e-con e-parent\" data-id=\"3728e78\" data-element_type=\"container\" data-e-type=\"container\">\n\t\t\t\t\t<div class=\"e-con-inner\">\n\t\t\t\t<div class=\"elementor-element elementor-element-7d3206c elementor-grid-1 elementor-grid-tablet-2 elementor-grid-mobile-1 elementor-widget elementor-widget-loop-grid\" data-id=\"7d3206c\" data-element_type=\"widget\" data-e-type=\"widget\" data-settings=\"{&quot;template_id&quot;:&quot;551&quot;,&quot;columns&quot;:1,&quot;_skin&quot;:&quot;post&quot;,&quot;columns_tablet&quot;:&quot;2&quot;,&quot;columns_mobile&quot;:&quot;1&quot;,&quot;edit_handle_selector&quot;:&quot;[data-elementor-type=\\&quot;loop-item\\&quot;]&quot;,&quot;row_gap&quot;:{&quot;unit&quot;:&quot;px&quot;,&quot;size&quot;:&quot;&quot;,&quot;sizes&quot;:[]},&quot;row_gap_tablet&quot;:{&quot;unit&quot;:&quot;px&quot;,&quot;size&quot;:&quot;&quot;,&quot;sizes&quot;:[]},&quot;row_gap_mobile&quot;:{&quot;unit&quot;:&quot;px&quot;,&quot;size&quot;:&quot;&quot;,&quot;sizes&quot;:[]}}\" data-widget_type=\"loop-grid.post\">\n\t\t\t\t<div class=\"elementor-widget-container\">\n\t\t\t\t\t\t\t<div class=\"elementor-loop-container elementor-grid\" role=\"list\">\n\t\t<style id=\"loop-551\">.elementor-551 .elementor-element.elementor-element-f415829{--display:flex;--flex-direction:row;--container-widget-width:calc( ( 1 - var( --container-widget-flex-grow ) ) * 100% );--container-widget-height:100%;--container-widget-flex-grow:1;--container-widget-align-self:stretch;--flex-wrap-mobile:wrap;--justify-content:center;--align-items:center;--flex-wrap:nowrap;}.elementor-551 .elementor-element.elementor-element-996fd2b{width:var( --container-widget-width, 40% );max-width:40%;--container-widget-width:40%;--container-widget-flex-grow:0;}.elementor-551 .elementor-element.elementor-element-996fd2b.elementor-element{--align-self:center;}.elementor-551 .elementor-element.elementor-element-7a06aaf{--display:flex;--flex-direction:column;--container-widget-width:100%;--container-widget-height:initial;--container-widget-flex-grow:0;--container-widget-align-self:initial;--flex-wrap-mobile:wrap;}.elementor-551 .elementor-element.elementor-element-5ceb55e .elementor-heading-title{font-family:\"Raleway\", Sans-serif;font-size:24px;font-weight:400;color:var( --e-global-color-a6152aa );}.elementor-551 .elementor-element.elementor-element-5ceb55e .elementor-heading-title a:hover, .elementor-551 .elementor-element.elementor-element-5ceb55e .elementor-heading-title a:focus{color:var( --e-global-color-primary );}.elementor-551 .elementor-element.elementor-element-0671f2b .elementor-icon-list-icon{width:14px;}.elementor-551 .elementor-element.elementor-element-0671f2b .elementor-icon-list-icon i{font-size:14px;}.elementor-551 .elementor-element.elementor-element-0671f2b .elementor-icon-list-icon svg{--e-icon-list-icon-size:14px;}.elementor-551 .elementor-element.elementor-element-0671f2b .elementor-icon-list-text, .elementor-551 .elementor-element.elementor-element-0671f2b .elementor-icon-list-text a{color:#959595;}.elementor-551 .elementor-element.elementor-element-0671f2b .elementor-icon-list-item{font-family:\"Work Sans\", Sans-serif;font-size:12px;font-weight:400;}.elementor-551 .elementor-element.elementor-element-66d7b45{font-family:\"Work Sans\", Sans-serif;font-size:18px;font-weight:400;color:var( --e-global-color-text );}.elementor-551 .elementor-element.elementor-element-89dc248 .elementor-button{font-family:\"Raleway\", Sans-serif;font-size:16px;font-weight:400;letter-spacing:2px;fill:var( --e-global-color-primary );color:var( --e-global-color-primary );background-color:#FFFFFF;border-style:solid;border-width:2px 2px 2px 2px;border-color:var( --e-global-color-primary );}.elementor-551 .elementor-element.elementor-element-89dc248 .elementor-button:hover, .elementor-551 .elementor-element.elementor-element-89dc248 .elementor-button:focus{color:#FFFFFF;background-color:var( --e-global-color-a6152aa );border-color:var( --e-global-color-a6152aa );}.elementor-551 .elementor-element.elementor-element-89dc248 .elementor-button:hover svg, .elementor-551 .elementor-element.elementor-element-89dc248 .elementor-button:focus svg{fill:#FFFFFF;}@media(max-width:767px){.elementor-551 .elementor-element.elementor-element-f415829{--flex-direction:column;--container-widget-width:100%;--container-widget-height:initial;--container-widget-flex-grow:0;--container-widget-align-self:initial;--flex-wrap-mobile:wrap;}.elementor-551 .elementor-element.elementor-element-996fd2b{--container-widget-width:90%;--container-widget-flex-grow:0;width:var( --container-widget-width, 90% );max-width:90%;}}@media(min-width:768px){.elementor-551 .elementor-element.elementor-element-f415829{--content-width:85vw;}.elementor-551 .elementor-element.elementor-element-7a06aaf{--width:60%;}}<\/style>\t\t<div data-elementor-type=\"loop-item\" data-elementor-id=\"551\" class=\"elementor elementor-551 e-loop-item e-loop-item-545 post-545 post type-post status-publish format-standard has-post-thumbnail hentry category-blog category-uncategorized\" data-elementor-post-type=\"elementor_library\" data-custom-edit-handle=\"1\">\n\t\t\t<div class=\"elementor-element elementor-element-f415829 e-flex e-con-boxed e-con e-parent\" data-id=\"f415829\" data-element_type=\"container\" data-e-type=\"container\">\n\t\t\t\t\t<div class=\"e-con-inner\">\n\t\t\t\t<div class=\"elementor-element elementor-element-996fd2b elementor-widget__width-initial elementor-widget elementor-widget-theme-post-featured-image elementor-widget-image\" data-id=\"996fd2b\" data-element_type=\"widget\" data-e-type=\"widget\" data-widget_type=\"theme-post-featured-image.default\">\n\t\t\t\t\t\t\t\t\t\t\t\t\t\t\t\t<a href=\"https:\/\/upliftfamilypsychiatry.com\/es\/beyond-medication-effective-counseling-strategies-for-managing-add-adhd\/\">\n\t\t\t\t\t\t\t<img fetchpriority=\"high\" decoding=\"async\" width=\"1024\" height=\"683\" src=\"https:\/\/upliftfamilypsychiatry.com\/wp-content\/uploads\/2026\/01\/Blog1-1024x683.webp\" class=\"attachment-large size-large wp-image-546\" alt=\"\" srcset=\"https:\/\/upliftfamilypsychiatry.com\/wp-content\/uploads\/2026\/01\/Blog1-1024x683.webp 1024w, https:\/\/upliftfamilypsychiatry.com\/wp-content\/uploads\/2026\/01\/Blog1-300x200.webp 300w, https:\/\/upliftfamilypsychiatry.com\/wp-content\/uploads\/2026\/01\/Blog1-768x512.webp 768w, https:\/\/upliftfamilypsychiatry.com\/wp-content\/uploads\/2026\/01\/Blog1-1536x1024.webp 1536w, https:\/\/upliftfamilypsychiatry.com\/wp-content\/uploads\/2026\/01\/Blog1.webp 1920w\" sizes=\"(max-width: 1024px) 100vw, 1024px\" \/>\t\t\t\t\t\t\t\t<\/a>\n\t\t\t\t\t\t\t\t\t\t\t\t\t\t\t<\/div>\n\t\t<div class=\"elementor-element elementor-element-7a06aaf e-con-full e-flex e-con e-child\" data-id=\"7a06aaf\" data-element_type=\"container\" data-e-type=\"container\">\n\t\t\t\t<div class=\"elementor-element elementor-element-5ceb55e elementor-widget elementor-widget-theme-post-title elementor-page-title elementor-widget-heading\" data-id=\"5ceb55e\" data-element_type=\"widget\" data-e-type=\"widget\" data-widget_type=\"theme-post-title.default\">\n\t\t\t\t\t<h1 class=\"elementor-heading-title elementor-size-default\"><a href=\"https:\/\/upliftfamilypsychiatry.com\/es\/beyond-medication-effective-counseling-strategies-for-managing-add-adhd\/\">M\u00e1s all\u00e1 de la medicaci\u00f3n: Estrategias de asesoramiento eficaces para el manejo del TDA\/TDAH<\/a><\/h1>\t\t\t\t<\/div>\n\t\t\t\t<div class=\"elementor-element elementor-element-0671f2b elementor-widget elementor-widget-post-info\" data-id=\"0671f2b\" data-element_type=\"widget\" data-e-type=\"widget\" data-widget_type=\"post-info.default\">\n\t\t\t\t\t\t\t<ul class=\"elementor-inline-items elementor-icon-list-items elementor-post-info\">\n\t\t\t\t\t\t\t\t<li class=\"elementor-icon-list-item elementor-repeater-item-acd344b elementor-inline-item\" itemprop=\"datePublished\">\n\t\t\t\t\t\t<a href=\"https:\/\/upliftfamilypsychiatry.com\/es\/2026\/01\/23\/\">\n\t\t\t\t\t\t\t\t\t\t\t<span class=\"elementor-icon-list-icon\">\n\t\t\t\t\t\t\t\t<svg aria-hidden=\"true\" class=\"e-font-icon-svg e-fas-calendar\" viewbox=\"0 0 448 512\" xmlns=\"http:\/\/www.w3.org\/2000\/svg\"><path d=\"M12 192h424c6.6 0 12 5.4 12 12v260c0 26.5-21.5 48-48 48H48c-26.5 0-48-21.5-48-48V204c0-6.6 5.4-12 12-12zm436-44v-36c0-26.5-21.5-48-48-48h-48V12c0-6.6-5.4-12-12-12h-40c-6.6 0-12 5.4-12 12v52H160V12c0-6.6-5.4-12-12-12h-40c-6.6 0-12 5.4-12 12v52H48C21.5 64 0 85.5 0 112v36c0 6.6 5.4 12 12 12h424c6.6 0 12-5.4 12-12z\"><\/path><\/svg>\t\t\t\t\t\t\t<\/span>\n\t\t\t\t\t\t\t\t\t<span class=\"elementor-icon-list-text elementor-post-info__item elementor-post-info__item--type-date\">\n\t\t\t\t\t\t\t\t\t\t<time>enero 23, 2026<\/time>\t\t\t\t\t<\/span>\n\t\t\t\t\t\t\t\t\t<\/a>\n\t\t\t\t<\/li>\n\t\t\t\t<\/ul>\n\t\t\t\t\t\t<\/div>\n\t\t\t\t<div class=\"elementor-element elementor-element-89dc248 elementor-align-left elementor-mobile-align-center elementor-widget elementor-widget-button\" data-id=\"89dc248\" data-element_type=\"widget\" data-e-type=\"widget\" data-widget_type=\"button.default\">\n\t\t\t\t\t\t\t\t\t\t<a class=\"elementor-button elementor-button-link elementor-size-sm\" href=\"https:\/\/upliftfamilypsychiatry.com\/es\/beyond-medication-effective-counseling-strategies-for-managing-add-adhd\/\">\n\t\t\t\t\t\t<span class=\"elementor-button-content-wrapper\">\n\t\t\t\t\t\t\t\t\t<span class=\"elementor-button-text\">Leer m\u00e1s<\/span>\n\t\t\t\t\t<\/span>\n\t\t\t\t\t<\/a>\n\t\t\t\t\t\t\t\t<\/div>\n\t\t\t\t<\/div>\n\t\t\t\t\t<\/div>\n\t\t\t\t<\/div>\n\t\t\t\t<\/div>\n\t\t\t\t<div data-elementor-type=\"loop-item\" data-elementor-id=\"551\" class=\"elementor elementor-551 e-loop-item e-loop-item-543 post-543 post type-post status-publish format-standard has-post-thumbnail hentry category-blog\" data-elementor-post-type=\"elementor_library\" data-custom-edit-handle=\"1\">\n\t\t\t<div class=\"elementor-element elementor-element-f415829 e-flex e-con-boxed e-con e-parent\" data-id=\"f415829\" data-element_type=\"container\" data-e-type=\"container\">\n\t\t\t\t\t<div class=\"e-con-inner\">\n\t\t\t\t<div class=\"elementor-element elementor-element-996fd2b elementor-widget__width-initial elementor-widget elementor-widget-theme-post-featured-image elementor-widget-image\" data-id=\"996fd2b\" data-element_type=\"widget\" data-e-type=\"widget\" data-widget_type=\"theme-post-featured-image.default\">\n\t\t\t\t\t\t\t\t\t\t\t\t\t\t\t\t<a href=\"https:\/\/upliftfamilypsychiatry.com\/es\/navigating-medication-options-for-adults-with-ptsd\/\">\n\t\t\t\t\t\t\t<img decoding=\"async\" width=\"1024\" height=\"683\" src=\"https:\/\/upliftfamilypsychiatry.com\/wp-content\/uploads\/2026\/01\/TopPTSD1-1024x683.webp\" class=\"attachment-large size-large wp-image-582\" alt=\"\" srcset=\"https:\/\/upliftfamilypsychiatry.com\/wp-content\/uploads\/2026\/01\/TopPTSD1-1024x683.webp 1024w, https:\/\/upliftfamilypsychiatry.com\/wp-content\/uploads\/2026\/01\/TopPTSD1-300x200.webp 300w, https:\/\/upliftfamilypsychiatry.com\/wp-content\/uploads\/2026\/01\/TopPTSD1-768x512.webp 768w, https:\/\/upliftfamilypsychiatry.com\/wp-content\/uploads\/2026\/01\/TopPTSD1-1536x1024.webp 1536w, https:\/\/upliftfamilypsychiatry.com\/wp-content\/uploads\/2026\/01\/TopPTSD1.webp 1920w\" sizes=\"(max-width: 1024px) 100vw, 1024px\" \/>\t\t\t\t\t\t\t\t<\/a>\n\t\t\t\t\t\t\t\t\t\t\t\t\t\t\t<\/div>\n\t\t<div class=\"elementor-element elementor-element-7a06aaf e-con-full e-flex e-con e-child\" data-id=\"7a06aaf\" data-element_type=\"container\" data-e-type=\"container\">\n\t\t\t\t<div class=\"elementor-element elementor-element-5ceb55e elementor-widget elementor-widget-theme-post-title elementor-page-title elementor-widget-heading\" data-id=\"5ceb55e\" data-element_type=\"widget\" data-e-type=\"widget\" data-widget_type=\"theme-post-title.default\">\n\t\t\t\t\t<h1 class=\"elementor-heading-title elementor-size-default\"><a href=\"https:\/\/upliftfamilypsychiatry.com\/es\/navigating-medication-options-for-adults-with-ptsd\/\">Navegando por las opciones de medicaci\u00f3n para adultos con TEPT<\/a><\/h1>\t\t\t\t<\/div>\n\t\t\t\t<div class=\"elementor-element elementor-element-0671f2b elementor-widget elementor-widget-post-info\" data-id=\"0671f2b\" data-element_type=\"widget\" data-e-type=\"widget\" data-widget_type=\"post-info.default\">\n\t\t\t\t\t\t\t<ul class=\"elementor-inline-items elementor-icon-list-items elementor-post-info\">\n\t\t\t\t\t\t\t\t<li class=\"elementor-icon-list-item elementor-repeater-item-acd344b elementor-inline-item\" itemprop=\"datePublished\">\n\t\t\t\t\t\t<a href=\"https:\/\/upliftfamilypsychiatry.com\/es\/2026\/01\/23\/\">\n\t\t\t\t\t\t\t\t\t\t\t<span class=\"elementor-icon-list-icon\">\n\t\t\t\t\t\t\t\t<svg aria-hidden=\"true\" class=\"e-font-icon-svg e-fas-calendar\" viewbox=\"0 0 448 512\" xmlns=\"http:\/\/www.w3.org\/2000\/svg\"><path d=\"M12 192h424c6.6 0 12 5.4 12 12v260c0 26.5-21.5 48-48 48H48c-26.5 0-48-21.5-48-48V204c0-6.6 5.4-12 12-12zm436-44v-36c0-26.5-21.5-48-48-48h-48V12c0-6.6-5.4-12-12-12h-40c-6.6 0-12 5.4-12 12v52H160V12c0-6.6-5.4-12-12-12h-40c-6.6 0-12 5.4-12 12v52H48C21.5 64 0 85.5 0 112v36c0 6.6 5.4 12 12 12h424c6.6 0 12-5.4 12-12z\"><\/path><\/svg>\t\t\t\t\t\t\t<\/span>\n\t\t\t\t\t\t\t\t\t<span class=\"elementor-icon-list-text elementor-post-info__item elementor-post-info__item--type-date\">\n\t\t\t\t\t\t\t\t\t\t<time>enero 23, 2026<\/time>\t\t\t\t\t<\/span>\n\t\t\t\t\t\t\t\t\t<\/a>\n\t\t\t\t<\/li>\n\t\t\t\t<\/ul>\n\t\t\t\t\t\t<\/div>\n\t\t\t\t<div class=\"elementor-element elementor-element-66d7b45 elementor-widget elementor-widget-theme-post-excerpt\" data-id=\"66d7b45\" data-element_type=\"widget\" data-e-type=\"widget\" data-widget_type=\"theme-post-excerpt.default\">\n\t\t\t\t\tEl trastorno de estr\u00e9s postraum\u00e1tico (TEPT) es una afecci\u00f3n compleja que afecta muchos aspectos de la vida y causa angustia persistente despu\u00e9s de un evento traum\u00e1tico. Para adultos que enfrentan estos desaf\u00edos.\t\t\t\t<\/div>\n\t\t\t\t<div class=\"elementor-element elementor-element-89dc248 elementor-align-left elementor-mobile-align-center elementor-widget elementor-widget-button\" data-id=\"89dc248\" data-element_type=\"widget\" data-e-type=\"widget\" data-widget_type=\"button.default\">\n\t\t\t\t\t\t\t\t\t\t<a class=\"elementor-button elementor-button-link elementor-size-sm\" href=\"https:\/\/upliftfamilypsychiatry.com\/es\/navigating-medication-options-for-adults-with-ptsd\/\">\n\t\t\t\t\t\t<span class=\"elementor-button-content-wrapper\">\n\t\t\t\t\t\t\t\t\t<span class=\"elementor-button-text\">Leer m\u00e1s<\/span>\n\t\t\t\t\t<\/span>\n\t\t\t\t\t<\/a>\n\t\t\t\t\t\t\t\t<\/div>\n\t\t\t\t<\/div>\n\t\t\t\t\t<\/div>\n\t\t\t\t<\/div>\n\t\t\t\t<\/div>\n\t\t\t\t<\/div>\n\t\t\n\t\t\t\t\t\t<\/div>\n\t\t\t\t<\/div>\n\t\t\t\t\t<\/div>\n\t\t\t\t<\/div>\n\t\t\t\t<\/div>","protected":false},"excerpt":{"rendered":"<p>Blog<\/p>","protected":false},"author":1,"featured_media":0,"parent":0,"menu_order":0,"comment_status":"closed","ping_status":"closed","template":"","meta":{"site-sidebar-layout":"no-sidebar","site-content-layout":"","ast-site-content-layout":"full-width-container","site-content-style":"default","site-sidebar-style":"default","ast-global-header-display":"","ast-banner-title-visibility":"","ast-main-header-display":"","ast-hfb-above-header-display":"","ast-hfb-below-header-display":"","ast-hfb-mobile-header-display":"","site-post-title":"disabled","ast-breadcrumbs-content":"","ast-featured-img":"disabled","footer-sml-layout":"","ast-disable-related-posts":"","theme-transparent-header-meta":"","adv-header-id-meta":"","stick-header-meta":"","header-above-stick-meta":"","header-main-stick-meta":"","header-below-stick-meta":"","astra-migrate-meta-layouts":"default","ast-page-background-enabled":"default","ast-page-background-meta":{"desktop":{"background-color":"var(--ast-global-color-5)","background-image":"","background-repeat":"repeat","background-position":"center center","background-size":"auto","background-attachment":"scroll","background-type":"","background-media":"","overlay-type":"","overlay-color":"","overlay-opacity":"","overlay-gradient":""},"tablet":{"background-color":"","background-image":"","background-repeat":"repeat","background-position":"center center","background-size":"auto","background-attachment":"scroll","background-type":"","background-media":"","overlay-type":"","overlay-color":"","overlay-opacity":"","overlay-gradient":""},"mobile":{"background-color":"","background-image":"","background-repeat":"repeat","background-position":"center center","background-size":"auto","background-attachment":"scroll","background-type":"","background-media":"","overlay-type":"","overlay-color":"","overlay-opacity":"","overlay-gradient":""}},"ast-content-background-meta":{"desktop":{"background-color":"var(--ast-global-color-4)","background-image":"","background-repeat":"repeat","background-position":"center center","background-size":"auto","background-attachment":"scroll","background-type":"","background-media":"","overlay-type":"","overlay-color":"","overlay-opacity":"","overlay-gradient":""},"tablet":{"background-color":"var(--ast-global-color-4)","background-image":"","background-repeat":"repeat","background-position":"center center","background-size":"auto","background-attachment":"scroll","background-type":"","background-media":"","overlay-type":"","overlay-color":"","overlay-opacity":"","overlay-gradient":""},"mobile":{"background-color":"var(--ast-global-color-4)","background-image":"","background-repeat":"repeat","background-position":"center center","background-size":"auto","background-attachment":"scroll","background-type":"","background-media":"","overlay-type":"","overlay-color":"","overlay-opacity":"","overlay-gradient":""}},"footnotes":""},"class_list":["post-557","page","type-page","status-publish","hentry"],"_links":{"self":[{"href":"https:\/\/upliftfamilypsychiatry.com\/es\/wp-json\/wp\/v2\/pages\/557","targetHints":{"allow":["GET"]}}],"collection":[{"href":"https:\/\/upliftfamilypsychiatry.com\/es\/wp-json\/wp\/v2\/pages"}],"about":[{"href":"https:\/\/upliftfamilypsychiatry.com\/es\/wp-json\/wp\/v2\/types\/page"}],"author":[{"embeddable":true,"href":"https:\/\/upliftfamilypsychiatry.com\/es\/wp-json\/wp\/v2\/users\/1"}],"replies":[{"embeddable":true,"href":"https:\/\/upliftfamilypsychiatry.com\/es\/wp-json\/wp\/v2\/comments?post=557"}],"version-history":[{"count":13,"href":"https:\/\/upliftfamilypsychiatry.com\/es\/wp-json\/wp\/v2\/pages\/557\/revisions"}],"predecessor-version":[{"id":579,"href":"https:\/\/upliftfamilypsychiatry.com\/es\/wp-json\/wp\/v2\/pages\/557\/revisions\/579"}],"wp:attachment":[{"href":"https:\/\/upliftfamilypsychiatry.com\/es\/wp-json\/wp\/v2\/media?parent=557"}],"curies":[{"name":"wp","href":"https:\/\/api.w.org\/{rel}","templated":true}]}}