{"id":195,"date":"2026-01-14T02:32:29","date_gmt":"2026-01-14T02:32:29","guid":{"rendered":"https:\/\/upliftfamilypsychiatry.site\/?page_id=195"},"modified":"2026-02-23T21:30:20","modified_gmt":"2026-02-23T21:30:20","slug":"home1","status":"publish","type":"page","link":"https:\/\/upliftfamilypsychiatry.com\/es\/","title":{"rendered":"Home 1"},"content":{"rendered":"<div data-elementor-type=\"wp-page\" data-elementor-id=\"195\" class=\"elementor elementor-195\" data-elementor-post-type=\"page\">\n\t\t\t\t<div class=\"elementor-element elementor-element-77499f7 e-flex e-con-boxed e-con e-parent\" data-id=\"77499f7\" data-element_type=\"container\" data-e-type=\"container\">\n\t\t\t\t\t<div class=\"e-con-inner\">\n\t\t\t\t<div class=\"elementor-element elementor-element-7f6cf80 elementor-widget elementor-widget-heading\" data-id=\"7f6cf80\" data-element_type=\"widget\" data-e-type=\"widget\" data-widget_type=\"heading.default\">\n\t\t\t\t\t<h2 class=\"elementor-heading-title elementor-size-default\">Bienvenido.<\/h2>\t\t\t\t<\/div>\n\t\t\t\t<div class=\"elementor-element elementor-element-f73284a elementor-widget elementor-widget-text-editor\" data-id=\"f73284a\" data-element_type=\"widget\" data-e-type=\"widget\" data-widget_type=\"text-editor.default\">\n\t\t\t\t\t\t\t\t\t<p>Proporcionando atenci\u00f3n psiqui\u00e1trica profesional basada en la evidencia cient\u00edfica para ni\u00f1os, adolescentes y adultos a trav\u00e9s de Telehealth, sirviendo a pacientes de Kissimmee, St Cloud, Orlando, Tampa, San Petersburgo, Poinciana, Clermont, Sanford, Deland, Jacksonville, Gainesville, Miami, Fort Lauderdale, y en toda la Florida.<\/p>\t\t\t\t\t\t\t\t<\/div>\n\t\t\t\t<div class=\"elementor-element elementor-element-c8dfda3 elementor-blockquote--skin-boxed elementor-blockquote--align-center elementor-widget elementor-widget-blockquote\" data-id=\"c8dfda3\" data-element_type=\"widget\" data-e-type=\"widget\" data-widget_type=\"blockquote.default\">\n\t\t\t\t\t\t\t<blockquote class=\"elementor-blockquote\">\n\t\t\t<p class=\"elementor-blockquote__content\">\n\t\t\t\tEl dolor emocional no es algo que deba ocultarse y de lo que nunca deba hablarse. Hay verdad en tu dolor, hay crecimiento en tu dolor, pero s\u00f3lo si primero se saca a la luz.\u201d -Steven Aitchison \n\t\t\t<\/p>\n\t\t\t\t\t<\/blockquote>\n\t\t\t\t\t\t<\/div>\n\t\t\t\t<div class=\"elementor-element elementor-element-d3f54b0 elementor-widget elementor-widget-heading\" data-id=\"d3f54b0\" data-element_type=\"widget\" data-e-type=\"widget\" data-widget_type=\"heading.default\">\n\t\t\t\t\t<h2 class=\"elementor-heading-title elementor-size-default\">Planes de seguro aceptados\n<\/h2>\t\t\t\t<\/div>\n\t\t\t\t<div class=\"elementor-element elementor-element-5cd75fe elementor-widget elementor-widget-text-editor\" data-id=\"5cd75fe\" data-element_type=\"widget\" data-e-type=\"widget\" data-widget_type=\"text-editor.default\">\n\t\t\t\t\t\t\t\t\t<p data-end=\"294\" data-start=\"113\">Uplift Family Psychiatry se complace en aceptar una variedad de planes de seguro para garantizar una atenci\u00f3n de salud mental accesible y de alta calidad para nuestros pacientes.<\/p><p data-end=\"402\" data-start=\"301\">Actualmente aceptamos los siguientes proveedores de seguros y tambi\u00e9n damos la bienvenida a los clientes de auto-pago (pago en efectivo).<\/p><p data-end=\"449\" data-start=\"409\"><em data-end=\"447\" data-start=\"409\">Ahora estamos orgullosos de aceptar Medicare.<\/em><\/p>\t\t\t\t\t\t\t\t<\/div>\n\t\t\t\t\t<\/div>\n\t\t\t\t<\/div>\n\t\t<div class=\"elementor-element elementor-element-b8dcc2a e-flex e-con-boxed e-con e-parent\" data-id=\"b8dcc2a\" data-element_type=\"container\" data-e-type=\"container\">\n\t\t\t\t\t<div class=\"e-con-inner\">\n\t\t\t\t<div class=\"elementor-element elementor-element-5df03ae elementor-widget elementor-widget-image\" data-id=\"5df03ae\" data-element_type=\"widget\" data-e-type=\"widget\" data-widget_type=\"image.default\">\n\t\t\t\t\t\t\t\t\t\t\t\t\t\t\t<img fetchpriority=\"high\" decoding=\"async\" width=\"225\" height=\"225\" src=\"https:\/\/upliftfamilypsychiatry.com\/wp-content\/uploads\/2026\/01\/6.webp\" class=\"attachment-medium_large size-medium_large wp-image-227\" alt=\"\" srcset=\"https:\/\/upliftfamilypsychiatry.com\/wp-content\/uploads\/2026\/01\/6.webp 225w, https:\/\/upliftfamilypsychiatry.com\/wp-content\/uploads\/2026\/01\/6-150x150.webp 150w, https:\/\/upliftfamilypsychiatry.com\/wp-content\/uploads\/2026\/01\/elementor\/thumbs\/6-150x150.webp 300w\" sizes=\"(max-width: 225px) 100vw, 225px\" \/>\t\t\t\t\t\t\t\t\t\t\t\t\t\t\t<\/div>\n\t\t\t\t<div class=\"elementor-element elementor-element-e81d515 elementor-widget elementor-widget-image\" data-id=\"e81d515\" data-element_type=\"widget\" data-e-type=\"widget\" data-widget_type=\"image.default\">\n\t\t\t\t\t\t\t\t\t\t\t\t\t\t\t<img decoding=\"async\" width=\"225\" height=\"225\" src=\"https:\/\/upliftfamilypsychiatry.com\/wp-content\/uploads\/2026\/01\/8.webp\" class=\"attachment-large size-large wp-image-229\" alt=\"\" srcset=\"https:\/\/upliftfamilypsychiatry.com\/wp-content\/uploads\/2026\/01\/8.webp 225w, https:\/\/upliftfamilypsychiatry.com\/wp-content\/uploads\/2026\/01\/8-150x150.webp 150w\" sizes=\"(max-width: 225px) 100vw, 225px\" \/>\t\t\t\t\t\t\t\t\t\t\t\t\t\t\t<\/div>\n\t\t\t\t<div class=\"elementor-element elementor-element-366eec6 elementor-widget elementor-widget-image\" data-id=\"366eec6\" data-element_type=\"widget\" data-e-type=\"widget\" data-widget_type=\"image.default\">\n\t\t\t\t\t\t\t\t\t\t\t\t\t\t\t<img decoding=\"async\" width=\"300\" height=\"168\" src=\"https:\/\/upliftfamilypsychiatry.com\/wp-content\/uploads\/2026\/01\/7.webp\" class=\"attachment-medium size-medium wp-image-228\" alt=\"\" \/>\t\t\t\t\t\t\t\t\t\t\t\t\t\t\t<\/div>\n\t\t\t\t<div class=\"elementor-element elementor-element-5fb978d elementor-widget elementor-widget-image\" data-id=\"5fb978d\" data-element_type=\"widget\" data-e-type=\"widget\" data-widget_type=\"image.default\">\n\t\t\t\t\t\t\t\t\t\t\t\t\t\t\t<img loading=\"lazy\" decoding=\"async\" width=\"257\" height=\"196\" src=\"https:\/\/upliftfamilypsychiatry.com\/wp-content\/uploads\/2026\/01\/3.webp\" class=\"attachment-medium size-medium wp-image-224\" alt=\"\" \/>\t\t\t\t\t\t\t\t\t\t\t\t\t\t\t<\/div>\n\t\t\t\t<div class=\"elementor-element elementor-element-1ee1baa elementor-widget elementor-widget-image\" data-id=\"1ee1baa\" data-element_type=\"widget\" data-e-type=\"widget\" data-widget_type=\"image.default\">\n\t\t\t\t\t\t\t\t\t\t\t\t\t\t\t<img loading=\"lazy\" decoding=\"async\" width=\"300\" height=\"160\" src=\"https:\/\/upliftfamilypsychiatry.com\/wp-content\/uploads\/2026\/01\/4-300x160.webp\" class=\"attachment-medium size-medium wp-image-225\" alt=\"\" srcset=\"https:\/\/upliftfamilypsychiatry.com\/wp-content\/uploads\/2026\/01\/4-300x160.webp 300w, https:\/\/upliftfamilypsychiatry.com\/wp-content\/uploads\/2026\/01\/4.webp 308w\" sizes=\"(max-width: 300px) 100vw, 300px\" \/>\t\t\t\t\t\t\t\t\t\t\t\t\t\t\t<\/div>\n\t\t\t\t<div class=\"elementor-element elementor-element-bfde120 elementor-widget elementor-widget-image\" data-id=\"bfde120\" data-element_type=\"widget\" data-e-type=\"widget\" data-widget_type=\"image.default\">\n\t\t\t\t\t\t\t\t\t\t\t\t\t\t\t<img loading=\"lazy\" decoding=\"async\" width=\"225\" height=\"225\" src=\"https:\/\/upliftfamilypsychiatry.com\/wp-content\/uploads\/2026\/01\/5.webp\" class=\"attachment-medium size-medium wp-image-226\" alt=\"\" srcset=\"https:\/\/upliftfamilypsychiatry.com\/wp-content\/uploads\/2026\/01\/5.webp 225w, https:\/\/upliftfamilypsychiatry.com\/wp-content\/uploads\/2026\/01\/5-150x150.webp 150w\" sizes=\"(max-width: 225px) 100vw, 225px\" \/>\t\t\t\t\t\t\t\t\t\t\t\t\t\t\t<\/div>\n\t\t\t\t<div class=\"elementor-element elementor-element-1f17613 elementor-widget elementor-widget-image\" data-id=\"1f17613\" data-element_type=\"widget\" data-e-type=\"widget\" data-widget_type=\"image.default\">\n\t\t\t\t\t\t\t\t\t\t\t\t\t\t\t<img loading=\"lazy\" decoding=\"async\" width=\"225\" height=\"225\" src=\"https:\/\/upliftfamilypsychiatry.com\/wp-content\/uploads\/2026\/01\/1.webp\" class=\"attachment-medium size-medium wp-image-222\" alt=\"\" srcset=\"https:\/\/upliftfamilypsychiatry.com\/wp-content\/uploads\/2026\/01\/1.webp 225w, https:\/\/upliftfamilypsychiatry.com\/wp-content\/uploads\/2026\/01\/1-150x150.webp 150w\" sizes=\"(max-width: 225px) 100vw, 225px\" \/>\t\t\t\t\t\t\t\t\t\t\t\t\t\t\t<\/div>\n\t\t\t\t<div class=\"elementor-element elementor-element-bd55424 elementor-widget elementor-widget-image\" data-id=\"bd55424\" data-element_type=\"widget\" data-e-type=\"widget\" data-widget_type=\"image.default\">\n\t\t\t\t\t\t\t\t\t\t\t\t\t\t\t<img loading=\"lazy\" decoding=\"async\" width=\"300\" height=\"168\" src=\"https:\/\/upliftfamilypsychiatry.com\/wp-content\/uploads\/2026\/01\/2.webp\" class=\"attachment-medium size-medium wp-image-223\" alt=\"\" \/>\t\t\t\t\t\t\t\t\t\t\t\t\t\t\t<\/div>\n\t\t\t\t\t<\/div>\n\t\t\t\t<\/div>\n\t\t<div class=\"elementor-element elementor-element-5381a8d e-flex e-con-boxed e-con e-parent\" data-id=\"5381a8d\" data-element_type=\"container\" data-e-type=\"container\">\n\t\t\t\t\t<div class=\"e-con-inner\">\n\t\t\t\t<div class=\"elementor-element elementor-element-7971666 elementor-widget elementor-widget-heading\" data-id=\"7971666\" data-element_type=\"widget\" data-e-type=\"widget\" data-widget_type=\"heading.default\">\n\t\t\t\t\t<h3 class=\"elementor-heading-title elementor-size-default\">\u00a1Hablamos Espa\u00f1ol!<\/h3>\t\t\t\t<\/div>\n\t\t\t\t<div class=\"elementor-element elementor-element-0f97c34 elementor-align-center elementor-widget elementor-widget-button\" data-id=\"0f97c34\" data-element_type=\"widget\" data-e-type=\"widget\" data-widget_type=\"button.default\">\n\t\t\t\t\t\t\t\t\t\t<a class=\"elementor-button elementor-button-link elementor-size-sm\" href=\"https:\/\/growtherapy.com\/book-appointment?id=5181&#038;utm_source=provider-sourced&#038;utm_medium=booking-link&#038;utm_campaign=provider-dashboard\">\n\t\t\t\t\t\t<span class=\"elementor-button-content-wrapper\">\n\t\t\t\t\t\t\t\t\t<span class=\"elementor-button-text\">Solicitar una cita<\/span>\n\t\t\t\t\t<\/span>\n\t\t\t\t\t<\/a>\n\t\t\t\t\t\t\t\t<\/div>\n\t\t\t\t\t<\/div>\n\t\t\t\t<\/div>\n\t\t<div class=\"elementor-element elementor-element-41920a6 e-con-full e-flex e-con e-parent\" data-id=\"41920a6\" data-element_type=\"container\" data-e-type=\"container\" data-settings=\"{&quot;background_background&quot;:&quot;classic&quot;}\">\n\t\t\t\t<\/div>\n\t\t<div class=\"elementor-element elementor-element-dc69b7d e-flex e-con-boxed e-con e-parent\" data-id=\"dc69b7d\" data-element_type=\"container\" data-e-type=\"container\" data-settings=\"{&quot;background_background&quot;:&quot;classic&quot;}\">\n\t\t\t\t\t<div class=\"e-con-inner\">\n\t\t\t\t<div class=\"elementor-element elementor-element-e461928 elementor-widget elementor-widget-heading\" data-id=\"e461928\" data-element_type=\"widget\" data-e-type=\"widget\" data-widget_type=\"heading.default\">\n\t\t\t\t\t<h2 class=\"elementor-heading-title elementor-size-default\">He aqu\u00ed algunos sitios por los que empezar.\n<\/h2>\t\t\t\t<\/div>\n\t\t\t\t\t<\/div>\n\t\t\t\t<\/div>\n\t\t<div class=\"elementor-element elementor-element-23832b3 e-flex e-con-boxed e-con e-parent\" data-id=\"23832b3\" data-element_type=\"container\" data-e-type=\"container\" data-settings=\"{&quot;background_background&quot;:&quot;classic&quot;}\">\n\t\t\t\t\t<div class=\"e-con-inner\">\n\t\t<div class=\"elementor-element elementor-element-51d1c6f e-con-full e-flex e-con e-child\" data-id=\"51d1c6f\" data-element_type=\"container\" data-e-type=\"container\">\n\t\t\t\t<div class=\"elementor-element elementor-element-13f4960 elementor-widget elementor-widget-image\" data-id=\"13f4960\" data-element_type=\"widget\" data-e-type=\"widget\" data-widget_type=\"image.default\">\n\t\t\t\t\t\t\t\t\t\t\t\t\t\t\t<img loading=\"lazy\" decoding=\"async\" width=\"150\" height=\"150\" src=\"https:\/\/upliftfamilypsychiatry.com\/wp-content\/uploads\/2026\/01\/Circulo2-150x150.webp\" class=\"elementor-animation-float attachment-thumbnail size-thumbnail wp-image-267\" alt=\"\" srcset=\"https:\/\/upliftfamilypsychiatry.com\/wp-content\/uploads\/2026\/01\/Circulo2-150x150.webp 150w, https:\/\/upliftfamilypsychiatry.com\/wp-content\/uploads\/2026\/01\/elementor\/thumbs\/Circulo2-rhmjkgvq2sva5k8pgxinsrzm8ptl7l949n4j1j1bfk.webp 80w, https:\/\/upliftfamilypsychiatry.com\/wp-content\/uploads\/2026\/01\/elementor\/thumbs\/Circulo2-rhmjkgvqbkmkh5vgcpow7zrag6nwxxw9g01k9t4rfs.webp 100w\" sizes=\"(max-width: 150px) 100vw, 150px\" \/>\t\t\t\t\t\t\t\t\t\t\t\t\t\t\t<\/div>\n\t\t\t\t<div class=\"elementor-element elementor-element-62dd853 elementor-widget elementor-widget-heading\" data-id=\"62dd853\" data-element_type=\"widget\" data-e-type=\"widget\" data-widget_type=\"heading.default\">\n\t\t\t\t\t<h5 class=\"elementor-heading-title elementor-size-default\"><a href=\"https:\/\/upliftfamilypsychiatry.com\/es\/services\/\">Servicios<\/a><\/h5>\t\t\t\t<\/div>\n\t\t\t\t<div class=\"elementor-element elementor-element-b7921aa elementor-widget-divider--view-line elementor-widget elementor-widget-divider\" data-id=\"b7921aa\" data-element_type=\"widget\" data-e-type=\"widget\" data-widget_type=\"divider.default\">\n\t\t\t\t\t\t\t<div class=\"elementor-divider\">\n\t\t\t<span class=\"elementor-divider-separator\">\n\t\t\t\t\t\t<\/span>\n\t\t<\/div>\n\t\t\t\t\t\t<\/div>\n\t\t\t\t<div class=\"elementor-element elementor-element-3a286bd elementor-widget elementor-widget-text-editor\" data-id=\"3a286bd\" data-element_type=\"widget\" data-e-type=\"widget\" data-widget_type=\"text-editor.default\">\n\t\t\t\t\t\t\t\t\t<p>Aqu\u00ed encontrar\u00e1 informaci\u00f3n sobre nuestras especialidades terap\u00e9uticas.<\/p>\t\t\t\t\t\t\t\t<\/div>\n\t\t\t\t<\/div>\n\t\t<div class=\"elementor-element elementor-element-dda3da5 e-con-full e-flex e-con e-child\" data-id=\"dda3da5\" data-element_type=\"container\" data-e-type=\"container\">\n\t\t\t\t<div class=\"elementor-element elementor-element-65fa476 elementor-widget elementor-widget-image\" data-id=\"65fa476\" data-element_type=\"widget\" data-e-type=\"widget\" data-widget_type=\"image.default\">\n\t\t\t\t\t\t\t\t\t\t\t\t\t\t\t<img loading=\"lazy\" decoding=\"async\" width=\"150\" height=\"150\" src=\"https:\/\/upliftfamilypsychiatry.com\/wp-content\/uploads\/2026\/01\/circulo1-150x150.webp\" class=\"elementor-animation-float attachment-thumbnail size-thumbnail wp-image-266\" alt=\"\" \/>\t\t\t\t\t\t\t\t\t\t\t\t\t\t\t<\/div>\n\t\t\t\t<div class=\"elementor-element elementor-element-e9bd8ab elementor-widget elementor-widget-heading\" data-id=\"e9bd8ab\" data-element_type=\"widget\" data-e-type=\"widget\" data-widget_type=\"heading.default\">\n\t\t\t\t\t<h5 class=\"elementor-heading-title elementor-size-default\"><a href=\"https:\/\/upliftfamilypsychiatry.com\/es\/faqs\/\">Preguntas frecuentes<\/a><\/h5>\t\t\t\t<\/div>\n\t\t\t\t<div class=\"elementor-element elementor-element-0e05291 elementor-widget-divider--view-line elementor-widget elementor-widget-divider\" data-id=\"0e05291\" data-element_type=\"widget\" data-e-type=\"widget\" data-widget_type=\"divider.default\">\n\t\t\t\t\t\t\t<div class=\"elementor-divider\">\n\t\t\t<span class=\"elementor-divider-separator\">\n\t\t\t\t\t\t<\/span>\n\t\t<\/div>\n\t\t\t\t\t\t<\/div>\n\t\t\t\t<div class=\"elementor-element elementor-element-c94340c elementor-widget elementor-widget-text-editor\" data-id=\"c94340c\" data-element_type=\"widget\" data-e-type=\"widget\" data-widget_type=\"text-editor.default\">\n\t\t\t\t\t\t\t\t\t<p>Do you have questions? Search through our FAQs to learn more<\/p>\t\t\t\t\t\t\t\t<\/div>\n\t\t\t\t<\/div>\n\t\t<div class=\"elementor-element elementor-element-95d0d17 e-con-full e-flex e-con e-child\" data-id=\"95d0d17\" data-element_type=\"container\" data-e-type=\"container\">\n\t\t\t\t<div class=\"elementor-element elementor-element-352d055 elementor-widget elementor-widget-image\" data-id=\"352d055\" data-element_type=\"widget\" data-e-type=\"widget\" data-widget_type=\"image.default\">\n\t\t\t\t\t\t\t\t\t\t\t\t\t\t\t<img loading=\"lazy\" decoding=\"async\" width=\"150\" height=\"150\" src=\"https:\/\/upliftfamilypsychiatry.com\/wp-content\/uploads\/2026\/01\/circulo3-150x150.webp\" class=\"elementor-animation-float attachment-thumbnail size-thumbnail wp-image-268\" alt=\"\" \/>\t\t\t\t\t\t\t\t\t\t\t\t\t\t\t<\/div>\n\t\t\t\t<div class=\"elementor-element elementor-element-032ddcc elementor-widget elementor-widget-heading\" data-id=\"032ddcc\" data-element_type=\"widget\" data-e-type=\"widget\" data-widget_type=\"heading.default\">\n\t\t\t\t\t<h5 class=\"elementor-heading-title elementor-size-default\"><a href=\"https:\/\/upliftfamilypsychiatry.com\/es\/contact\/\">Contactenos!<\/a><\/h5>\t\t\t\t<\/div>\n\t\t\t\t<div class=\"elementor-element elementor-element-3c47b11 elementor-widget-divider--view-line elementor-widget elementor-widget-divider\" data-id=\"3c47b11\" data-element_type=\"widget\" data-e-type=\"widget\" data-widget_type=\"divider.default\">\n\t\t\t\t\t\t\t<div class=\"elementor-divider\">\n\t\t\t<span class=\"elementor-divider-separator\">\n\t\t\t\t\t\t<\/span>\n\t\t<\/div>\n\t\t\t\t\t\t<\/div>\n\t\t\t\t<div class=\"elementor-element elementor-element-04f7a95 elementor-widget elementor-widget-text-editor\" data-id=\"04f7a95\" data-element_type=\"widget\" data-e-type=\"widget\" data-widget_type=\"text-editor.default\">\n\t\t\t\t\t\t\t\t\t<p>Dar el primer paso es lo m\u00e1s dif\u00edcil, pero nuestro equipo est\u00e1 aqu\u00ed para ayudarle.<\/p>\t\t\t\t\t\t\t\t<\/div>\n\t\t\t\t<\/div>\n\t\t\t\t\t<\/div>\n\t\t\t\t<\/div>\n\t\t<div class=\"elementor-element elementor-element-991e551 e-flex e-con-boxed e-con e-parent\" data-id=\"991e551\" data-element_type=\"container\" data-e-type=\"container\" data-settings=\"{&quot;background_background&quot;:&quot;classic&quot;}\">\n\t\t\t\t\t<div class=\"e-con-inner\">\n\t\t<div class=\"elementor-element elementor-element-e018b17 e-con-full e-flex e-con e-child\" data-id=\"e018b17\" data-element_type=\"container\" data-e-type=\"container\">\n\t\t\t\t<div class=\"elementor-element elementor-element-a0d9638 elementor-widget elementor-widget-heading\" data-id=\"a0d9638\" data-element_type=\"widget\" data-e-type=\"widget\" data-widget_type=\"heading.default\">\n\t\t\t\t\t<h2 class=\"elementor-heading-title elementor-size-default\">\u00a1Conectemos en l\u00ednea y empecemos!<\/h2>\t\t\t\t<\/div>\n\t\t\t\t<\/div>\n\t\t<div class=\"elementor-element elementor-element-c578792 e-con-full e-flex e-con e-child\" data-id=\"c578792\" data-element_type=\"container\" data-e-type=\"container\">\n\t\t\t\t<div class=\"elementor-element elementor-element-18c53ea elementor-align-center elementor-widget elementor-widget-button\" data-id=\"18c53ea\" data-element_type=\"widget\" data-e-type=\"widget\" data-widget_type=\"button.default\">\n\t\t\t\t\t\t\t\t\t\t<a class=\"elementor-button elementor-button-link elementor-size-sm\" href=\"https:\/\/upliftfamilypsychiatry.com\/es\/contact\/\">\n\t\t\t\t\t\t<span class=\"elementor-button-content-wrapper\">\n\t\t\t\t\t\t\t\t\t<span class=\"elementor-button-text\">Comience aqu\u00ed<\/span>\n\t\t\t\t\t<\/span>\n\t\t\t\t\t<\/a>\n\t\t\t\t\t\t\t\t<\/div>\n\t\t\t\t<\/div>\n\t\t\t\t\t<\/div>\n\t\t\t\t<\/div>\n\t\t\t\t<\/div>","protected":false},"excerpt":{"rendered":"<p>Welcome! Providing expert, evidence-based psychiatric care for children, adolescents, and adults through Telehealth, serving patients from Kissimmee, St Cloud, Orlando, [&hellip;]<\/p>","protected":false},"author":1,"featured_media":0,"parent":0,"menu_order":0,"comment_status":"closed","ping_status":"closed","template":"","meta":{"site-sidebar-layout":"no-sidebar","site-content-layout":"","ast-site-content-layout":"full-width-container","site-content-style":"default","site-sidebar-style":"default","ast-global-header-display":"","ast-banner-title-visibility":"","ast-main-header-display":"","ast-hfb-above-header-display":"","ast-hfb-below-header-display":"","ast-hfb-mobile-header-display":"","site-post-title":"disabled","ast-breadcrumbs-content":"","ast-featured-img":"disabled","footer-sml-layout":"","ast-disable-related-posts":"","theme-transparent-header-meta":"","adv-header-id-meta":"","stick-header-meta":"","header-above-stick-meta":"","header-main-stick-meta":"","header-below-stick-meta":"","astra-migrate-meta-layouts":"default","ast-page-background-enabled":"default","ast-page-background-meta":{"desktop":{"background-color":"var(--ast-global-color-5)","background-image":"","background-repeat":"repeat","background-position":"center center","background-size":"auto","background-attachment":"scroll","background-type":"","background-media":"","overlay-type":"","overlay-color":"","overlay-opacity":"","overlay-gradient":""},"tablet":{"background-color":"","background-image":"","background-repeat":"repeat","background-position":"center center","background-size":"auto","background-attachment":"scroll","background-type":"","background-media":"","overlay-type":"","overlay-color":"","overlay-opacity":"","overlay-gradient":""},"mobile":{"background-color":"","background-image":"","background-repeat":"repeat","background-position":"center center","background-size":"auto","background-attachment":"scroll","background-type":"","background-media":"","overlay-type":"","overlay-color":"","overlay-opacity":"","overlay-gradient":""}},"ast-content-background-meta":{"desktop":{"background-color":"var(--ast-global-color-4)","background-image":"","background-repeat":"repeat","background-position":"center center","background-size":"auto","background-attachment":"scroll","background-type":"","background-media":"","overlay-type":"","overlay-color":"","overlay-opacity":"","overlay-gradient":""},"tablet":{"background-color":"var(--ast-global-color-4)","background-image":"","background-repeat":"repeat","background-position":"center center","background-size":"auto","background-attachment":"scroll","background-type":"","background-media":"","overlay-type":"","overlay-color":"","overlay-opacity":"","overlay-gradient":""},"mobile":{"background-color":"var(--ast-global-color-4)","background-image":"","background-repeat":"repeat","background-position":"center center","background-size":"auto","background-attachment":"scroll","background-type":"","background-media":"","overlay-type":"","overlay-color":"","overlay-opacity":"","overlay-gradient":""}},"footnotes":""},"class_list":["post-195","page","type-page","status-publish","hentry"],"_links":{"self":[{"href":"https:\/\/upliftfamilypsychiatry.com\/es\/wp-json\/wp\/v2\/pages\/195","targetHints":{"allow":["GET"]}}],"collection":[{"href":"https:\/\/upliftfamilypsychiatry.com\/es\/wp-json\/wp\/v2\/pages"}],"about":[{"href":"https:\/\/upliftfamilypsychiatry.com\/es\/wp-json\/wp\/v2\/types\/page"}],"author":[{"embeddable":true,"href":"https:\/\/upliftfamilypsychiatry.com\/es\/wp-json\/wp\/v2\/users\/1"}],"replies":[{"embeddable":true,"href":"https:\/\/upliftfamilypsychiatry.com\/es\/wp-json\/wp\/v2\/comments?post=195"}],"version-history":[{"count":173,"href":"https:\/\/upliftfamilypsychiatry.com\/es\/wp-json\/wp\/v2\/pages\/195\/revisions"}],"predecessor-version":[{"id":842,"href":"https:\/\/upliftfamilypsychiatry.com\/es\/wp-json\/wp\/v2\/pages\/195\/revisions\/842"}],"wp:attachment":[{"href":"https:\/\/upliftfamilypsychiatry.com\/es\/wp-json\/wp\/v2\/media?parent=195"}],"curies":[{"name":"wp","href":"https:\/\/api.w.org\/{rel}","templated":true}]}}